{"id":4213,"date":"2024-04-11T10:44:07","date_gmt":"2024-04-11T13:44:07","guid":{"rendered":"https:\/\/rededor2023.blendon.com.br\/capital-manufaturado\/engenharia-clinica\/"},"modified":"2024-07-03T15:00:12","modified_gmt":"2024-07-03T18:00:12","slug":"clinic-engineering","status":"publish","type":"page","link":"https:\/\/rededor2023.blendon.com.br\/en\/manufactured-capital\/clinic-engineering\/","title":{"rendered":"Clinic Engineering"},"content":{"rendered":"<div class=\"kb-row-layout-wrap kb-row-layout-id4213_80a7ec-70 alignnone kt-row-has-bg wp-block-kadence-rowlayout\"><div class=\"kt-row-column-wrap kt-has-2-columns kt-row-layout-right-golden kt-tab-layout-inherit kt-mobile-layout-row kt-row-valign-top\">\n\n<div class=\"wp-block-kadence-column kadence-column4213_8b3710-25\"><div class=\"kt-inside-inner-col\">\n<p>For our hospitals scheduled for 2024 (Novo Barra, Guarulhos and Alphaville), in 2023, we acquired three Magnetic Resonance Imaging (MRI) scanners with the Sealed Magnets project, which do not require large quantities of helium gas to maintain the magnetic field active.<\/p>\n\n\n\n<p>The investment was made after a successful experience with a similar scan installed at the S\u00e3o Luiz An\u00e1lia Franco unit (S\u00e3o Paulo\/SP) in 2021, and after the manufacturer improved this technology. Through this initiative, we will reduce the cost of replacing helium gas in the scans, in addition to reducing its weight by approximately one ton. This enables the feasibility of new service projects with magnetic resonance imaging, thus boosting our quality of care for our patients. Further acquisitions are planned for future hospital projects.<\/p>\n<\/div><\/div>\n\n\n\n<div class=\"wp-block-kadence-column kadence-column4213_9d9964-6f\"><div class=\"kt-inside-inner-col\"><div class=\"wp-block-image mobile-only\">\n<figure class=\"aligncenter size-large\"><img loading=\"lazy\" decoding=\"async\" width=\"1024\" height=\"577\" src=\"https:\/\/rededor2023.blendon.com.br\/wp-content\/uploads\/2024\/04\/engenharia-clinica-1024x577.webp\" alt=\"\" class=\"wp-image-1611\" srcset=\"https:\/\/rededor2023.blendon.com.br\/wp-content\/uploads\/2024\/04\/engenharia-clinica-1024x577.webp 1024w, https:\/\/rededor2023.blendon.com.br\/wp-content\/uploads\/2024\/04\/engenharia-clinica-300x169.webp 300w, https:\/\/rededor2023.blendon.com.br\/wp-content\/uploads\/2024\/04\/engenharia-clinica-768x432.webp 768w, https:\/\/rededor2023.blendon.com.br\/wp-content\/uploads\/2024\/04\/engenharia-clinica-1536x865.webp 1536w, https:\/\/rededor2023.blendon.com.br\/wp-content\/uploads\/2024\/04\/engenharia-clinica.webp 1920w\" sizes=\"(max-width: 1024px) 100vw, 1024px\" \/><\/figure><\/div><\/div><\/div>\n\n<\/div><\/div>","protected":false},"excerpt":{"rendered":"<p>For our hospitals scheduled for 2024 (Novo Barra, Guarulhos and Alphaville), in 2023, we acquired three Magnetic Resonance Imaging (MRI) scanners with the Sealed Magnets project, which do not require large quantities of helium gas to maintain the magnetic field active. The investment was made after a successful experience with a similar scan installed at [&hellip;]<\/p>\n","protected":false},"author":2,"featured_media":2621,"parent":4211,"menu_order":0,"comment_status":"closed","ping_status":"closed","template":"","meta":{"inline_featured_image":false,"footnotes":""},"class_list":["post-4213","page","type-page","status-publish","has-post-thumbnail","hentry"],"acf":[],"_links":{"self":[{"href":"https:\/\/rededor2023.blendon.com.br\/en\/wp-json\/wp\/v2\/pages\/4213"}],"collection":[{"href":"https:\/\/rededor2023.blendon.com.br\/en\/wp-json\/wp\/v2\/pages"}],"about":[{"href":"https:\/\/rededor2023.blendon.com.br\/en\/wp-json\/wp\/v2\/types\/page"}],"author":[{"embeddable":true,"href":"https:\/\/rededor2023.blendon.com.br\/en\/wp-json\/wp\/v2\/users\/2"}],"replies":[{"embeddable":true,"href":"https:\/\/rededor2023.blendon.com.br\/en\/wp-json\/wp\/v2\/comments?post=4213"}],"version-history":[{"count":6,"href":"https:\/\/rededor2023.blendon.com.br\/en\/wp-json\/wp\/v2\/pages\/4213\/revisions"}],"predecessor-version":[{"id":5934,"href":"https:\/\/rededor2023.blendon.com.br\/en\/wp-json\/wp\/v2\/pages\/4213\/revisions\/5934"}],"up":[{"embeddable":true,"href":"https:\/\/rededor2023.blendon.com.br\/en\/wp-json\/wp\/v2\/pages\/4211"}],"wp:featuredmedia":[{"embeddable":true,"href":"https:\/\/rededor2023.blendon.com.br\/en\/wp-json\/wp\/v2\/media\/2621"}],"wp:attachment":[{"href":"https:\/\/rededor2023.blendon.com.br\/en\/wp-json\/wp\/v2\/media?parent=4213"}],"curies":[{"name":"wp","href":"https:\/\/api.w.org\/{rel}","templated":true}]}}